{"id":1583,"date":"2024-02-22T07:39:23","date_gmt":"2024-02-22T07:39:23","guid":{"rendered":"https:\/\/jegyvetel.hu\/?page_id=1583"},"modified":"2025-08-14T13:41:33","modified_gmt":"2025-08-14T11:41:33","slug":"programs","status":"publish","type":"page","link":"https:\/\/futosziv.hu\/bemutatoterem\/jegyetvetel\/","title":{"rendered":"Programjaink"},"content":{"rendered":"<h2>Eg\u00e9szs\u00e9gmeg\u0151rz\u00e9ssel \u00e9s &#8211; helyre\u00e1ll\u00edt\u00e1ssal, valamint eg\u00e9szs\u00e9gmarketinggel foglalkoz\u00f3 esem\u00e9nyek<\/h2>\n<h2>Szem\u00e9lyes \u00e9s online eg\u00e9szs\u00e9gmeg\u0151rz\u00e9ssel \u00e9s -helyre\u00e1ll\u00edt\u00e1ssal foglalkoz\u00f3 esem\u00e9nyek, workshopok jegyelad\u00e1si fel\u00fclete<\/h2>\n<h2>Aktu\u00e1lis esem\u00e9nyek<\/h2>\n<h2>V\u00e1logass aktu\u00e1lis esem\u00e9nyeink k\u00f6z\u00fcl<\/h2>\n<p>\t\t\t\t\t\t\t\t\t\t\t\t\t\t\t<img loading=\"lazy\" decoding=\"async\" width=\"1024\" height=\"555\" src=\"https:\/\/futosziv.hu\/bemutatoterem\/jegyetvetel\/wp-content\/uploads\/2024\/12\/1200x650-events-img-2-1024x555.jpg\" alt=\"\" srcset=\"https:\/\/futosziv.hu\/bemutatoterem\/jegyetvetel\/wp-content\/uploads\/2024\/12\/1200x650-events-img-2-1024x555.jpg 1024w, https:\/\/futosziv.hu\/bemutatoterem\/jegyetvetel\/wp-content\/uploads\/2024\/12\/1200x650-events-img-2-300x163.jpg 300w, https:\/\/futosziv.hu\/bemutatoterem\/jegyetvetel\/wp-content\/uploads\/2024\/12\/1200x650-events-img-2-768x416.jpg 768w, https:\/\/futosziv.hu\/bemutatoterem\/jegyetvetel\/wp-content\/uploads\/2024\/12\/1200x650-events-img-2-600x325.jpg 600w, https:\/\/futosziv.hu\/bemutatoterem\/jegyetvetel\/wp-content\/uploads\/2024\/12\/1200x650-events-img-2.jpg 1200w\" sizes=\"auto, (max-width: 1024px) 100vw, 1024px\" \/>\t\t\t\t\t\t\t\t\t\t\t\t\t\t\t<\/p>\n<h2>Naturportal Term\u00e9szetgy\u00f3gy\u00e1sz Nap<\/h2>\n<p>\t\t\t\t\t<a href=\"https:\/\/futosziv.hu\/bemutatoterem\/jegyetvetel\/naturportalnap\/\" target=\"_blank\"><br \/>\n\t\t\t\t<svg aria-hidden=\"true\" viewBox=\"0 0 448 512\" xmlns=\"http:\/\/www.w3.org\/2000\/svg\"><path d=\"M224.3 273l-136 136c-9.4 9.4-24.6 9.4-33.9 0l-22.6-22.6c-9.4-9.4-9.4-24.6 0-33.9l96.4-96.4-96.4-96.4c-9.4-9.4-9.4-24.6 0-33.9L54.3 103c9.4-9.4 24.6-9.4 33.9 0l136 136c9.5 9.4 9.5 24.6.1 34zm192-34l-136-136c-9.4-9.4-24.6-9.4-33.9 0l-22.6 22.6c-9.4 9.4-9.4 24.6 0 33.9l96.4 96.4-96.4 96.4c-9.4 9.4-9.4 24.6 0 33.9l22.6 22.6c9.4 9.4 24.6 9.4 33.9 0l136-136c9.4-9.2 9.4-24.4 0-33.8z\"><\/path><\/svg><br \/>\n\t\t\t\t\t\t\t\t\tMegn\u00e9zem<br \/>\n\t\t\t\t\t<\/a><br \/>\n\t\t\t\t\t\t\t\t\t\t\t\t\t\t\t<img loading=\"lazy\" decoding=\"async\" width=\"1024\" height=\"555\" src=\"https:\/\/futosziv.hu\/bemutatoterem\/jegyetvetel\/wp-content\/uploads\/2024\/10\/jegyvetel-post-cover-1024x555-2.jpg\" alt=\"\" srcset=\"https:\/\/futosziv.hu\/bemutatoterem\/jegyetvetel\/wp-content\/uploads\/2024\/10\/jegyvetel-post-cover-1024x555-2.jpg 1024w, https:\/\/futosziv.hu\/bemutatoterem\/jegyetvetel\/wp-content\/uploads\/2024\/10\/jegyvetel-post-cover-1024x555-2-300x163.jpg 300w, https:\/\/futosziv.hu\/bemutatoterem\/jegyetvetel\/wp-content\/uploads\/2024\/10\/jegyvetel-post-cover-1024x555-2-768x416.jpg 768w, https:\/\/futosziv.hu\/bemutatoterem\/jegyetvetel\/wp-content\/uploads\/2024\/10\/jegyvetel-post-cover-1024x555-2-600x325.jpg 600w\" sizes=\"auto, (max-width: 1024px) 100vw, 1024px\" \/>\t\t\t\t\t\t\t\t\t\t\t\t\t\t\t<\/p>\n<h2>Online Term\u00e9szetgy\u00f3gy\u00e1sz Konferencia<\/h2>\n<p>\t\t\t\t\t<a href=\"https:\/\/futosziv.hu\/bemutatoterem\/jegyetvetel\/online-konferencia-2025\/\" target=\"_blank\"><br \/>\n\t\t\t\t<svg aria-hidden=\"true\" viewBox=\"0 0 448 512\" xmlns=\"http:\/\/www.w3.org\/2000\/svg\"><path d=\"M224.3 273l-136 136c-9.4 9.4-24.6 9.4-33.9 0l-22.6-22.6c-9.4-9.4-9.4-24.6 0-33.9l96.4-96.4-96.4-96.4c-9.4-9.4-9.4-24.6 0-33.9L54.3 103c9.4-9.4 24.6-9.4 33.9 0l136 136c9.5 9.4 9.5 24.6.1 34zm192-34l-136-136c-9.4-9.4-24.6-9.4-33.9 0l-22.6 22.6c-9.4 9.4-9.4 24.6 0 33.9l96.4 96.4-96.4 96.4c-9.4 9.4-9.4 24.6 0 33.9l22.6 22.6c9.4 9.4 24.6 9.4 33.9 0l136-136c9.4-9.2 9.4-24.4 0-33.8z\"><\/path><\/svg><br \/>\n\t\t\t\t\t\t\t\t\tMegn\u00e9zem<br \/>\n\t\t\t\t\t<\/a><br \/>\n\t\t\t\t\t\t\t\t\t\t\t\t\t\t\t<img loading=\"lazy\" decoding=\"async\" width=\"1024\" height=\"576\" src=\"https:\/\/futosziv.hu\/bemutatoterem\/jegyetvetel\/wp-content\/uploads\/2025\/08\/naturkence_keszitoWS2025szept20-1024x576.jpg\" alt=\"Nat\u00farkence k\u00e9sz\u00edt\u0151 workshop 2025 szeptember\" srcset=\"https:\/\/futosziv.hu\/bemutatoterem\/jegyetvetel\/wp-content\/uploads\/2025\/08\/naturkence_keszitoWS2025szept20-1024x576.jpg 1024w, https:\/\/futosziv.hu\/bemutatoterem\/jegyetvetel\/wp-content\/uploads\/2025\/08\/naturkence_keszitoWS2025szept20-300x169.jpg 300w, https:\/\/futosziv.hu\/bemutatoterem\/jegyetvetel\/wp-content\/uploads\/2025\/08\/naturkence_keszitoWS2025szept20-768x432.jpg 768w, https:\/\/futosziv.hu\/bemutatoterem\/jegyetvetel\/wp-content\/uploads\/2025\/08\/naturkence_keszitoWS2025szept20-1536x864.jpg 1536w, https:\/\/futosziv.hu\/bemutatoterem\/jegyetvetel\/wp-content\/uploads\/2025\/08\/naturkence_keszitoWS2025szept20-600x338.jpg 600w, https:\/\/futosziv.hu\/bemutatoterem\/jegyetvetel\/wp-content\/uploads\/2025\/08\/naturkence_keszitoWS2025szept20.jpg 1920w\" sizes=\"auto, (max-width: 1024px) 100vw, 1024px\" \/>\t\t\t\t\t\t\t\t\t\t\t\t\t\t\t<\/p>\n<h2>Nat\u00farkozmetikum k\u00e9sz\u00edt\u0151 workshop<\/h2>\n<p>\t\t\t\t\t<a href=\"https:\/\/naturportal.hu\/karacsonyi-csinald-magad-ajandek-natur-kozmetikum-keszito-workshop\/\" target=\"_blank\"><br \/>\n\t\t\t\t<svg aria-hidden=\"true\" viewBox=\"0 0 448 512\" xmlns=\"http:\/\/www.w3.org\/2000\/svg\"><path d=\"M224.3 273l-136 136c-9.4 9.4-24.6 9.4-33.9 0l-22.6-22.6c-9.4-9.4-9.4-24.6 0-33.9l96.4-96.4-96.4-96.4c-9.4-9.4-9.4-24.6 0-33.9L54.3 103c9.4-9.4 24.6-9.4 33.9 0l136 136c9.5 9.4 9.5 24.6.1 34zm192-34l-136-136c-9.4-9.4-24.6-9.4-33.9 0l-22.6 22.6c-9.4 9.4-9.4 24.6 0 33.9l96.4 96.4-96.4 96.4c-9.4 9.4-9.4 24.6 0 33.9l22.6 22.6c9.4 9.4 24.6 9.4 33.9 0l136-136c9.4-9.2 9.4-24.4 0-33.8z\"><\/path><\/svg><br \/>\n\t\t\t\t\t\t\t\t\tMegn\u00e9zem<br \/>\n\t\t\t\t\t<\/a><br \/>\n\t\t\t\t\t\t\t\t\t\t\t\t\t\t\t<img loading=\"lazy\" decoding=\"async\" width=\"1024\" height=\"555\" src=\"https:\/\/futosziv.hu\/bemutatoterem\/jegyetvetel\/wp-content\/uploads\/2024\/08\/jegyvetel-post-cover-1024x555.jpg\" alt=\"\" srcset=\"https:\/\/futosziv.hu\/bemutatoterem\/jegyetvetel\/wp-content\/uploads\/2024\/08\/jegyvetel-post-cover-1024x555.jpg 1024w, https:\/\/futosziv.hu\/bemutatoterem\/jegyetvetel\/wp-content\/uploads\/2024\/08\/jegyvetel-post-cover-300x163.jpg 300w, https:\/\/futosziv.hu\/bemutatoterem\/jegyetvetel\/wp-content\/uploads\/2024\/08\/jegyvetel-post-cover-768x416.jpg 768w, https:\/\/futosziv.hu\/bemutatoterem\/jegyetvetel\/wp-content\/uploads\/2024\/08\/jegyvetel-post-cover-600x325.jpg 600w, https:\/\/futosziv.hu\/bemutatoterem\/jegyetvetel\/wp-content\/uploads\/2024\/08\/jegyvetel-post-cover.jpg 1200w\" sizes=\"auto, (max-width: 1024px) 100vw, 1024px\" \/>\t\t\t\t\t\t\t\t\t\t\t\t\t\t\t<\/p>\n<h2>Eg\u00e9szs\u00e9g Marketing Nap<\/h2>\n<p>\t\t\t\t\t<a href=\"https:\/\/futosziv.hu\/bemutatoterem\/jegyetvetel\/egeszseg-marketing-nap\/\" target=\"_blank\"><br \/>\n\t\t\t\t<svg aria-hidden=\"true\" viewBox=\"0 0 448 512\" xmlns=\"http:\/\/www.w3.org\/2000\/svg\"><path d=\"M224.3 273l-136 136c-9.4 9.4-24.6 9.4-33.9 0l-22.6-22.6c-9.4-9.4-9.4-24.6 0-33.9l96.4-96.4-96.4-96.4c-9.4-9.4-9.4-24.6 0-33.9L54.3 103c9.4-9.4 24.6-9.4 33.9 0l136 136c9.5 9.4 9.5 24.6.1 34zm192-34l-136-136c-9.4-9.4-24.6-9.4-33.9 0l-22.6 22.6c-9.4 9.4-9.4 24.6 0 33.9l96.4 96.4-96.4 96.4c-9.4 9.4-9.4 24.6 0 33.9l22.6 22.6c9.4 9.4 24.6 9.4 33.9 0l136-136c9.4-9.2 9.4-24.4 0-33.8z\"><\/path><\/svg><br \/>\n\t\t\t\t\t\t\t\t\tMegn\u00e9zem<br \/>\n\t\t\t\t\t<\/a><br \/>\n\t\t\t\t\t\t\t\t\t\t\t\t\t\t\t<img loading=\"lazy\" decoding=\"async\" width=\"1024\" height=\"555\" src=\"https:\/\/futosziv.hu\/bemutatoterem\/jegyetvetel\/wp-content\/uploads\/2024\/07\/events-1200x650-EK-1-1024x555.jpg\" alt=\"\" srcset=\"https:\/\/futosziv.hu\/bemutatoterem\/jegyetvetel\/wp-content\/uploads\/2024\/07\/events-1200x650-EK-1-1024x555.jpg 1024w, https:\/\/futosziv.hu\/bemutatoterem\/jegyetvetel\/wp-content\/uploads\/2024\/07\/events-1200x650-EK-1-300x163.jpg 300w, https:\/\/futosziv.hu\/bemutatoterem\/jegyetvetel\/wp-content\/uploads\/2024\/07\/events-1200x650-EK-1-768x416.jpg 768w, https:\/\/futosziv.hu\/bemutatoterem\/jegyetvetel\/wp-content\/uploads\/2024\/07\/events-1200x650-EK-1-600x325.jpg 600w, https:\/\/futosziv.hu\/bemutatoterem\/jegyetvetel\/wp-content\/uploads\/2024\/07\/events-1200x650-EK-1.jpg 1200w\" sizes=\"auto, (max-width: 1024px) 100vw, 1024px\" \/>\t\t\t\t\t\t\t\t\t\t\t\t\t\t\t<\/p>\n<h2>Naturportal Eg\u00e9szs\u00e9g Klub<\/h2>\n<p>\t\t\t\t\t<a href=\"https:\/\/futosziv.hu\/bemutatoterem\/jegyetvetel\/naturportalegeszsegklub\/\" target=\"_blank\"><br \/>\n\t\t\t\t<svg aria-hidden=\"true\" viewBox=\"0 0 448 512\" xmlns=\"http:\/\/www.w3.org\/2000\/svg\"><path d=\"M224.3 273l-136 136c-9.4 9.4-24.6 9.4-33.9 0l-22.6-22.6c-9.4-9.4-9.4-24.6 0-33.9l96.4-96.4-96.4-96.4c-9.4-9.4-9.4-24.6 0-33.9L54.3 103c9.4-9.4 24.6-9.4 33.9 0l136 136c9.5 9.4 9.5 24.6.1 34zm192-34l-136-136c-9.4-9.4-24.6-9.4-33.9 0l-22.6 22.6c-9.4 9.4-9.4 24.6 0 33.9l96.4 96.4-96.4 96.4c-9.4 9.4-9.4 24.6 0 33.9l22.6 22.6c9.4 9.4 24.6 9.4 33.9 0l136-136c9.4-9.2 9.4-24.4 0-33.8z\"><\/path><\/svg><br \/>\n\t\t\t\t\t\t\t\t\tMegn\u00e9zem<br \/>\n\t\t\t\t\t<\/a><br \/>\n\t\t\t\t\t\t\t\t\t\t\t\t\t\t\t<img loading=\"lazy\" decoding=\"async\" width=\"1024\" height=\"555\" src=\"https:\/\/futosziv.hu\/bemutatoterem\/jegyetvetel\/wp-content\/uploads\/2024\/02\/1200x650-events-img-2-1024x555.jpg\" alt=\"\" srcset=\"https:\/\/futosziv.hu\/bemutatoterem\/jegyetvetel\/wp-content\/uploads\/2024\/02\/1200x650-events-img-2-1024x555.jpg 1024w, https:\/\/futosziv.hu\/bemutatoterem\/jegyetvetel\/wp-content\/uploads\/2024\/02\/1200x650-events-img-2-300x163.jpg 300w, https:\/\/futosziv.hu\/bemutatoterem\/jegyetvetel\/wp-content\/uploads\/2024\/02\/1200x650-events-img-2-768x416.jpg 768w, https:\/\/futosziv.hu\/bemutatoterem\/jegyetvetel\/wp-content\/uploads\/2024\/02\/1200x650-events-img-2-600x325.jpg 600w, https:\/\/futosziv.hu\/bemutatoterem\/jegyetvetel\/wp-content\/uploads\/2024\/02\/1200x650-events-img-2.jpg 1200w\" sizes=\"auto, (max-width: 1024px) 100vw, 1024px\" \/>\t\t\t\t\t\t\t\t\t\t\t\t\t\t\t<\/p>\n<h2>Gy\u00f3gyn\u00f6v\u00e9nyes h\u00e1zipatika workshop<\/h2>\n<p>\t\t\t\t\t<a href=\"https:\/\/naturportal.hu\/gyogynovenyes-szemelyes-workshop\/\" target=\"_blank\"><br \/>\n\t\t\t\t<svg aria-hidden=\"true\" viewBox=\"0 0 448 512\" xmlns=\"http:\/\/www.w3.org\/2000\/svg\"><path d=\"M224.3 273l-136 136c-9.4 9.4-24.6 9.4-33.9 0l-22.6-22.6c-9.4-9.4-9.4-24.6 0-33.9l96.4-96.4-96.4-96.4c-9.4-9.4-9.4-24.6 0-33.9L54.3 103c9.4-9.4 24.6-9.4 33.9 0l136 136c9.5 9.4 9.5 24.6.1 34zm192-34l-136-136c-9.4-9.4-24.6-9.4-33.9 0l-22.6 22.6c-9.4 9.4-9.4 24.6 0 33.9l96.4 96.4-96.4 96.4c-9.4 9.4-9.4 24.6 0 33.9l22.6 22.6c9.4 9.4 24.6 9.4 33.9 0l136-136c9.4-9.2 9.4-24.4 0-33.8z\"><\/path><\/svg><br \/>\n\t\t\t\t\t\t\t\t\tMegn\u00e9zem<br \/>\n\t\t\t\t\t<\/a><\/p>\n","protected":false},"excerpt":{"rendered":"<p>Eg\u00e9szs\u00e9gmeg\u0151rz\u00e9ssel \u00e9s &#8211; helyre\u00e1ll\u00edt\u00e1ssal, valamint eg\u00e9szs\u00e9gmarketinggel foglalkoz\u00f3 esem\u00e9nyek Szem\u00e9lyes \u00e9s online eg\u00e9szs\u00e9gmeg\u0151rz\u00e9ssel \u00e9s -helyre\u00e1ll\u00edt\u00e1ssal foglalkoz\u00f3 esem\u00e9nyek, workshopok jegyelad\u00e1si fel\u00fclete Aktu\u00e1lis esem\u00e9nyek V\u00e1logass aktu\u00e1lis esem\u00e9nyeink k\u00f6z\u00fcl Naturportal Term\u00e9szetgy\u00f3gy\u00e1sz Nap Megn\u00e9zem Online Term\u00e9szetgy\u00f3gy\u00e1sz Konferencia Megn\u00e9zem Nat\u00farkozmetikum k\u00e9sz\u00edt\u0151 workshop Megn\u00e9zem Eg\u00e9szs\u00e9g Marketing Nap Megn\u00e9zem Naturportal Eg\u00e9szs\u00e9g Klub Megn\u00e9zem Gy\u00f3gyn\u00f6v\u00e9nyes h\u00e1zipatika workshop Megn\u00e9zem<\/p>\n","protected":false},"author":2,"featured_media":0,"parent":0,"menu_order":0,"comment_status":"closed","ping_status":"closed","template":"fooldal.php","meta":{"footnotes":""},"class_list":["post-1583","page","type-page","status-publish","hentry"],"_links":{"self":[{"href":"https:\/\/futosziv.hu\/bemutatoterem\/jegyetvetel\/wp-json\/wp\/v2\/pages\/1583","targetHints":{"allow":["GET"]}}],"collection":[{"href":"https:\/\/futosziv.hu\/bemutatoterem\/jegyetvetel\/wp-json\/wp\/v2\/pages"}],"about":[{"href":"https:\/\/futosziv.hu\/bemutatoterem\/jegyetvetel\/wp-json\/wp\/v2\/types\/page"}],"author":[{"embeddable":true,"href":"https:\/\/futosziv.hu\/bemutatoterem\/jegyetvetel\/wp-json\/wp\/v2\/users\/2"}],"replies":[{"embeddable":true,"href":"https:\/\/futosziv.hu\/bemutatoterem\/jegyetvetel\/wp-json\/wp\/v2\/comments?post=1583"}],"version-history":[{"count":173,"href":"https:\/\/futosziv.hu\/bemutatoterem\/jegyetvetel\/wp-json\/wp\/v2\/pages\/1583\/revisions"}],"predecessor-version":[{"id":6552,"href":"https:\/\/futosziv.hu\/bemutatoterem\/jegyetvetel\/wp-json\/wp\/v2\/pages\/1583\/revisions\/6552"}],"wp:attachment":[{"href":"https:\/\/futosziv.hu\/bemutatoterem\/jegyetvetel\/wp-json\/wp\/v2\/media?parent=1583"}],"curies":[{"name":"wp","href":"https:\/\/api.w.org\/{rel}","templated":true}]}}